{"id":6,"date":"2023-10-13T13:56:08","date_gmt":"2023-10-13T11:56:08","guid":{"rendered":"https:\/\/laura-baranger.fr\/?page_id=6"},"modified":"2024-11-24T15:57:36","modified_gmt":"2024-11-24T14:57:36","slug":"a-propos-de","status":"publish","type":"page","link":"https:\/\/laura-baranger.fr\/index.php\/a-propos-de\/","title":{"rendered":"Qui suis-je ?"},"content":{"rendered":"\n<div class=\"wp-block-media-text is-stacked-on-mobile\" style=\"grid-template-columns:38% auto\"><figure class=\"wp-block-media-text__media\"><img loading=\"lazy\" decoding=\"async\" width=\"1024\" height=\"1024\" src=\"https:\/\/laura-baranger.fr\/wp-content\/uploads\/2024\/02\/Laura-Baranger-Educatrice-specialisee-independante-liberal-photo-1024x1024.jpeg\" alt=\"\" class=\"wp-image-540 size-full\" srcset=\"https:\/\/laura-baranger.fr\/wp-content\/uploads\/2024\/02\/Laura-Baranger-Educatrice-specialisee-independante-liberal-photo-1024x1024.jpeg 1024w, https:\/\/laura-baranger.fr\/wp-content\/uploads\/2024\/02\/Laura-Baranger-Educatrice-specialisee-independante-liberal-photo-300x300.jpeg 300w, https:\/\/laura-baranger.fr\/wp-content\/uploads\/2024\/02\/Laura-Baranger-Educatrice-specialisee-independante-liberal-photo-150x150.jpeg 150w, https:\/\/laura-baranger.fr\/wp-content\/uploads\/2024\/02\/Laura-Baranger-Educatrice-specialisee-independante-liberal-photo-768x768.jpeg 768w, https:\/\/laura-baranger.fr\/wp-content\/uploads\/2024\/02\/Laura-Baranger-Educatrice-specialisee-independante-liberal-photo-1536x1536.jpeg 1536w, https:\/\/laura-baranger.fr\/wp-content\/uploads\/2024\/02\/Laura-Baranger-Educatrice-specialisee-independante-liberal-photo-60x60.jpeg 60w, https:\/\/laura-baranger.fr\/wp-content\/uploads\/2024\/02\/Laura-Baranger-Educatrice-specialisee-independante-liberal-photo.jpeg 1600w\" sizes=\"auto, (max-width: 1024px) 100vw, 1024px\" \/><\/figure><div class=\"wp-block-media-text__content\">\n<p class=\"has-text-align-center\">Je m&#8217;appelle Laura Baranger, je suis \u00e9ducatrice sp\u00e9cialis\u00e9e dipl\u00f4m\u00e9e d&#8217;\u00c9tat et certifi\u00e9e dans l&#8217;accompagnement des personnes pr\u00e9sentant des troubles du spectre de l&#8217;autisme. J\u2019ai 8 ann\u00e9es d\u2019exp\u00e9rience dans le domaine social et m\u00e9dico-social, notamment au sein d\u2019\u00e9tablissements accompagnant des personnes pr\u00e9sentant des d\u00e9ficiences intellectuelles, des troubles du neurod\u00e9veloppement, psychiatriques et du comportement.<\/p>\n\n\n\n<p class=\"has-text-align-center\">Sur la base de ces exp\u00e9riences, j&#8217;ai fait le choix d&#8217;exercer mon m\u00e9tier en tant qu\u2019ind\u00e9pendante pour proposer un accompagnement individualis\u00e9 r\u00e9ellement adapt\u00e9 aux besoins de l\u2019enfant et de sa famille.<\/p>\n<\/div><\/div>\n\n\n\n<div style=\"height:40px\" aria-hidden=\"true\" class=\"wp-block-spacer\"><\/div>\n\n\n\n<h5 class=\"wp-block-heading\">Pourquoi le choix de l&#8217;ind\u00e9pendance ?<\/h5>\n\n\n\n<p style=\"text-align: justify;\">Au fil de mes exp\u00e9riences, j\u2019ai pu constater de nombreuses difficult\u00e9s dans la prise en charge des personnes TSA (manque de places, listes d\u2019attente qui s\u2019allongent, difficult\u00e9s d\u2019accompagnement sans diagnostic, peu de diagnostics et d&#8217;accompagnements avant 6 ans, enfants laiss\u00e9s sans solutions, accompagnements collectifs peu personnalis\u00e9s\u2026).\u00a0<br \/>En recherche de solutions et souhaitant, proposer un accompagnement individuel et en co-construction avec les personnes, leur famille et les partenaires, j\u2019ai r\u00e9alis\u00e9 qu\u2019une prise en charge sous la forme du lib\u00e9ral \u00e9tait possible et adapt\u00e9e. Elle permettrait \u00e9galement de laisser place \u00e0 mes valeurs et ma cr\u00e9ativit\u00e9 que j&#8217;ai \u00e0 c\u0153ur de mettre davantage \u00e0 profit dans mes accompagnements.<\/p>\n\n\n\n<div style=\"height:40px\" aria-hidden=\"true\" class=\"wp-block-spacer\"><\/div>\n\n\n\n<div class=\"wp-block-media-text alignwide has-media-on-the-right is-stacked-on-mobile is-vertically-aligned-center has-background\" style=\"background-color:#c3d8cc\"><div class=\"wp-block-media-text__content\">\n<div class=\"wp-block-group\" style=\"padding-top:2em;padding-right:2em;padding-bottom:2em;padding-left:2em\"><div class=\"wp-block-group__inner-container is-layout-flow wp-block-group-is-layout-flow\">\n<h4 class=\"wp-block-heading\">Mon parcours professionnel <br><br><\/h4>\n\n\n\n<p><strong>2022 <\/strong>: \u00c9ducatrice sp\u00e9cialis\u00e9e en Unit\u00e9 d&#8217;Enseignement Maternelle Autisme <br><\/p>\n\n\n\n<p><strong>2021\/2022<\/strong> : \u00c9ducatrice sp\u00e9cialis\u00e9e en Lieu De Vie accueillant des enfants et adolescents pr\u00e9sentant des troubles psychiatriques et du comportement.<br><\/p>\n\n\n\n<p><strong>2021<\/strong> : \u00c9ducatrice sp\u00e9cialis\u00e9e \u00e0 l&#8217;Institut R\u00e9gional des Jeunes Sourds et sourds aveugles.<br><\/p>\n\n\n\n<p><strong>2020\/2021 <\/strong>: R\u00e9f\u00e9rente \u00e9ducative au service de l\u2019Aide Sociale \u00e0 l\u2019Enfance.<br><\/p>\n\n\n\n<p><strong>2018 <\/strong>: Animatrice \u00e0 l&#8217;ALEPA, en accueil de loisirs et pour des s\u00e9jours adapt\u00e9s, aupr\u00e8s d\u2019enfants, adolescents et jeunes adultes TSA.<br><\/p>\n\n\n\n<p><strong>2016\/2017<\/strong> : Candidate \u00e9l\u00e8ve en Institut M\u00e9dico \u00c9ducatif et UEMA aupr\u00e8s de jeunes pr\u00e9sentant des d\u00e9ficiences intellectuelles et\/ou TSA.<\/p>\n<\/div><\/div>\n<\/div><figure class=\"wp-block-media-text__media\"><img loading=\"lazy\" decoding=\"async\" width=\"768\" height=\"960\" src=\"https:\/\/laura-baranger.fr\/wp-content\/uploads\/2024\/01\/Laura-Baranger-Inde-Photographe-Lucie-Bauge.jpg\" alt=\"\" class=\"wp-image-509 size-full\" srcset=\"https:\/\/laura-baranger.fr\/wp-content\/uploads\/2024\/01\/Laura-Baranger-Inde-Photographe-Lucie-Bauge.jpg 768w, https:\/\/laura-baranger.fr\/wp-content\/uploads\/2024\/01\/Laura-Baranger-Inde-Photographe-Lucie-Bauge-240x300.jpg 240w, https:\/\/laura-baranger.fr\/wp-content\/uploads\/2024\/01\/Laura-Baranger-Inde-Photographe-Lucie-Bauge-48x60.jpg 48w\" sizes=\"auto, (max-width: 768px) 100vw, 768px\" \/><\/figure><\/div>\n\n\n\n<div class=\"wp-block-group\"><div class=\"wp-block-group__inner-container is-layout-constrained wp-block-group-is-layout-constrained\">\n<div class=\"wp-block-columns has-background is-layout-flex wp-container-core-columns-is-layout-9d6595d7 wp-block-columns-is-layout-flex\" style=\"background-color:#c3d8cc\">\n<div class=\"wp-block-column is-layout-flow wp-block-column-is-layout-flow\">\n<h4 class=\"wp-block-heading\">Stages de formations <br><\/h4>\n\n\n\n<p><strong>2023<\/strong> : Sur l&#8217;Unit\u00e9 Denver &#8211; ESDM P\u00e9dopsychiatrie, aupr\u00e8s de jeunes enfants de 2\/3 ans TSA.<br><\/p>\n\n\n\n<p><strong>2019\/2020<\/strong> : \u00c0, l&#8217;Aide Sociale \u00e0 l&#8217;Enfance<br><\/p>\n\n\n\n<p><strong>2018 <\/strong>: Dans une association, en Inde du nord, aupr\u00e8s d\u2019enfants et d\u2019adolescents orphelins, vivants dans les bidonvilles ou en situation de handicap.<br><\/p>\n<\/div>\n\n\n\n<div class=\"wp-block-column is-layout-flow wp-block-column-is-layout-flow\">\n<h2 class=\"wp-block-heading\"><\/h2>\n\n\n\n<p><strong>2017 \/ 2018<\/strong> : En IME, aupr\u00e8s d\u2019adolescents autistes.<br><\/p>\n\n\n\n<p><strong>2016<\/strong> : En IME, sur un groupe d&#8217;internant d&#8217;adolescents, avec une d\u00e9ficience intellectuelle l\u00e9g\u00e8re<br><\/p>\n\n\n\n<p><strong>2015<\/strong> : En IME, aupr\u00e8s d\u2019enfants pr\u00e9sentant une d\u00e9ficience intellectuelle moyenne \u00e0 s\u00e9v\u00e8re.<\/p>\n<\/div>\n<\/div>\n<\/div><\/div>\n\n\n\n<div style=\"height:50px\" aria-hidden=\"true\" class=\"wp-block-spacer\"><\/div>\n\n\n\n<div class=\"wp-block-media-text is-stacked-on-mobile has-background\" style=\"background-color:#d8c3cf\"><figure class=\"wp-block-media-text__media\"><img loading=\"lazy\" decoding=\"async\" width=\"768\" height=\"960\" src=\"http:\/\/laura-baranger.fr\/wp-content\/uploads\/2024\/01\/47682315_10218460846691206_8111518434006663168_n.jpg\" alt=\"\" class=\"wp-image-487 size-full\" srcset=\"https:\/\/laura-baranger.fr\/wp-content\/uploads\/2024\/01\/47682315_10218460846691206_8111518434006663168_n.jpg 768w, https:\/\/laura-baranger.fr\/wp-content\/uploads\/2024\/01\/47682315_10218460846691206_8111518434006663168_n-240x300.jpg 240w, https:\/\/laura-baranger.fr\/wp-content\/uploads\/2024\/01\/47682315_10218460846691206_8111518434006663168_n-48x60.jpg 48w\" sizes=\"auto, (max-width: 768px) 100vw, 768px\" \/><\/figure><div class=\"wp-block-media-text__content\">\n<div class=\"wp-block-group\"><div class=\"wp-block-group__inner-container is-layout-constrained wp-block-group-is-layout-constrained\">\n<h4 class=\"wp-block-heading\">Mes dipl\u00f4mes et formations<br><br><\/h4>\n\n\n\n<p><strong>2024<\/strong> : CERTIFICAT NATIONAL D\u2019INTERVENTION EN AUTISME (CNIA)<\/p>\n\n\n\n<p><strong>2023<\/strong> : PICTURE EXCHANGE COMMUNICATION SYSTEM (PECS niveau 1)<\/p>\n\n\n\n<p><strong>2021 <\/strong>: PR\u00c9VENTION ET SECOURS CIVIQUES DE NIVEAU 1 (PSC1 &#8211; r\u00e9vision)<\/p>\n\n\n\n<p><strong>2020 <\/strong>: DIPLOME \u00c9TAT D\u2019\u00c9DUCATRICE SP\u00c9CIALIS\u00c9E<\/p>\n\n\n\n<p><strong>2012<\/strong> : BACCALAUR\u00c9AT \u2013 ECONOMIQUE ET SOCIAL<\/p>\n<\/div><\/div>\n<\/div><\/div>\n","protected":false},"excerpt":{"rendered":"<p>Je m&#8217;appelle Laura Baranger, je suis \u00e9ducatrice sp\u00e9cialis\u00e9e dipl\u00f4m\u00e9e d&#8217;\u00c9tat et certifi\u00e9e dans l&#8217;accompagnement des personnes pr\u00e9sentant des troubles du spectre de l&#8217;autisme. J\u2019ai 8 ann\u00e9es d\u2019exp\u00e9rience dans le domaine &hellip; <\/p>\n","protected":false},"author":1,"featured_media":173,"parent":0,"menu_order":0,"comment_status":"closed","ping_status":"closed","template":"","meta":{"footnotes":""},"class_list":["post-6","page","type-page","status-publish","has-post-thumbnail","hentry"],"yoast_head":"<!-- This site is optimized with the Yoast SEO plugin v22.0 - https:\/\/yoast.com\/wordpress\/plugins\/seo\/ -->\n<title>Qui suis-je ? - Laura Baranger<\/title>\n<meta name=\"robots\" content=\"index, follow, max-snippet:-1, max-image-preview:large, max-video-preview:-1\" \/>\n<link rel=\"canonical\" href=\"https:\/\/laura-baranger.fr\/index.php\/a-propos-de\/\" \/>\n<meta property=\"og:locale\" content=\"en_US\" \/>\n<meta property=\"og:type\" content=\"article\" \/>\n<meta property=\"og:title\" content=\"Qui suis-je ? - Laura Baranger\" \/>\n<meta property=\"og:description\" content=\"Je m&#8217;appelle Laura Baranger, je suis \u00e9ducatrice sp\u00e9cialis\u00e9e dipl\u00f4m\u00e9e d&#8217;\u00c9tat et certifi\u00e9e dans l&#8217;accompagnement des personnes pr\u00e9sentant des troubles du spectre de l&#8217;autisme. J\u2019ai 8 ann\u00e9es d\u2019exp\u00e9rience dans le domaine &hellip;\" \/>\n<meta property=\"og:url\" content=\"https:\/\/laura-baranger.fr\/index.php\/a-propos-de\/\" \/>\n<meta property=\"og:site_name\" content=\"Laura Baranger\" \/>\n<meta property=\"article:publisher\" content=\"https:\/\/www.facebook.com\/profile.php?id=61555171862823\" \/>\n<meta property=\"article:modified_time\" content=\"2024-11-24T14:57:36+00:00\" \/>\n<meta property=\"og:image\" content=\"http:\/\/laura-baranger.fr\/wp-content\/uploads\/2024\/01\/Wavy_Edu-03_Single-022-scaled.jpg\" \/>\n\t<meta property=\"og:image:width\" content=\"2560\" \/>\n\t<meta property=\"og:image:height\" content=\"775\" \/>\n\t<meta property=\"og:image:type\" content=\"image\/jpeg\" \/>\n<meta name=\"twitter:card\" content=\"summary_large_image\" \/>\n<meta name=\"twitter:label1\" content=\"Est. reading time\" \/>\n\t<meta name=\"twitter:data1\" content=\"3 minutes\" \/>\n<script type=\"application\/ld+json\" class=\"yoast-schema-graph\">{\"@context\":\"https:\/\/schema.org\",\"@graph\":[{\"@type\":\"WebPage\",\"@id\":\"https:\/\/laura-baranger.fr\/index.php\/a-propos-de\/\",\"url\":\"https:\/\/laura-baranger.fr\/index.php\/a-propos-de\/\",\"name\":\"Qui suis-je ? - Laura Baranger\",\"isPartOf\":{\"@id\":\"https:\/\/laura-baranger.fr\/#website\"},\"datePublished\":\"2023-10-13T11:56:08+00:00\",\"dateModified\":\"2024-11-24T14:57:36+00:00\",\"breadcrumb\":{\"@id\":\"https:\/\/laura-baranger.fr\/index.php\/a-propos-de\/#breadcrumb\"},\"inLanguage\":\"en-US\",\"potentialAction\":[{\"@type\":\"ReadAction\",\"target\":[\"https:\/\/laura-baranger.fr\/index.php\/a-propos-de\/\"]}]},{\"@type\":\"BreadcrumbList\",\"@id\":\"https:\/\/laura-baranger.fr\/index.php\/a-propos-de\/#breadcrumb\",\"itemListElement\":[{\"@type\":\"ListItem\",\"position\":1,\"name\":\"Accueil\",\"item\":\"https:\/\/laura-baranger.fr\/\"},{\"@type\":\"ListItem\",\"position\":2,\"name\":\"Qui suis-je ?\"}]},{\"@type\":\"WebSite\",\"@id\":\"https:\/\/laura-baranger.fr\/#website\",\"url\":\"https:\/\/laura-baranger.fr\/\",\"name\":\"Laura Baranger\",\"description\":\"\u00c9ducatrice sp\u00e9cialis\u00e9e ind\u00e9pendante\",\"publisher\":{\"@id\":\"https:\/\/laura-baranger.fr\/#organization\"},\"potentialAction\":[{\"@type\":\"SearchAction\",\"target\":{\"@type\":\"EntryPoint\",\"urlTemplate\":\"https:\/\/laura-baranger.fr\/?s={search_term_string}\"},\"query-input\":\"required name=search_term_string\"}],\"inLanguage\":\"en-US\"},{\"@type\":\"Organization\",\"@id\":\"https:\/\/laura-baranger.fr\/#organization\",\"name\":\"Laura Baranger\",\"url\":\"https:\/\/laura-baranger.fr\/\",\"logo\":{\"@type\":\"ImageObject\",\"inLanguage\":\"en-US\",\"@id\":\"https:\/\/laura-baranger.fr\/#\/schema\/logo\/image\/\",\"url\":\"https:\/\/laura-baranger.fr\/wp-content\/uploads\/2024\/02\/cropped-cropped-cropped-cropped-Logo-Laura-baranger-educatrice-specialisee-independante.png\",\"contentUrl\":\"https:\/\/laura-baranger.fr\/wp-content\/uploads\/2024\/02\/cropped-cropped-cropped-cropped-Logo-Laura-baranger-educatrice-specialisee-independante.png\",\"width\":512,\"height\":512,\"caption\":\"Laura Baranger\"},\"image\":{\"@id\":\"https:\/\/laura-baranger.fr\/#\/schema\/logo\/image\/\"},\"sameAs\":[\"https:\/\/www.facebook.com\/profile.php?id=61555171862823\",\"https:\/\/www.linkedin.com\/in\/laura-baranger-ducspindpendante\/\"]}]}<\/script>\n<!-- \/ Yoast SEO plugin. -->","yoast_head_json":{"title":"Qui suis-je ? - Laura Baranger","robots":{"index":"index","follow":"follow","max-snippet":"max-snippet:-1","max-image-preview":"max-image-preview:large","max-video-preview":"max-video-preview:-1"},"canonical":"https:\/\/laura-baranger.fr\/index.php\/a-propos-de\/","og_locale":"en_US","og_type":"article","og_title":"Qui suis-je ? - Laura Baranger","og_description":"Je m&#8217;appelle Laura Baranger, je suis \u00e9ducatrice sp\u00e9cialis\u00e9e dipl\u00f4m\u00e9e d&#8217;\u00c9tat et certifi\u00e9e dans l&#8217;accompagnement des personnes pr\u00e9sentant des troubles du spectre de l&#8217;autisme. J\u2019ai 8 ann\u00e9es d\u2019exp\u00e9rience dans le domaine &hellip;","og_url":"https:\/\/laura-baranger.fr\/index.php\/a-propos-de\/","og_site_name":"Laura Baranger","article_publisher":"https:\/\/www.facebook.com\/profile.php?id=61555171862823","article_modified_time":"2024-11-24T14:57:36+00:00","og_image":[{"width":2560,"height":775,"url":"http:\/\/laura-baranger.fr\/wp-content\/uploads\/2024\/01\/Wavy_Edu-03_Single-022-scaled.jpg","type":"image\/jpeg"}],"twitter_card":"summary_large_image","twitter_misc":{"Est. reading time":"3 minutes"},"schema":{"@context":"https:\/\/schema.org","@graph":[{"@type":"WebPage","@id":"https:\/\/laura-baranger.fr\/index.php\/a-propos-de\/","url":"https:\/\/laura-baranger.fr\/index.php\/a-propos-de\/","name":"Qui suis-je ? - Laura Baranger","isPartOf":{"@id":"https:\/\/laura-baranger.fr\/#website"},"datePublished":"2023-10-13T11:56:08+00:00","dateModified":"2024-11-24T14:57:36+00:00","breadcrumb":{"@id":"https:\/\/laura-baranger.fr\/index.php\/a-propos-de\/#breadcrumb"},"inLanguage":"en-US","potentialAction":[{"@type":"ReadAction","target":["https:\/\/laura-baranger.fr\/index.php\/a-propos-de\/"]}]},{"@type":"BreadcrumbList","@id":"https:\/\/laura-baranger.fr\/index.php\/a-propos-de\/#breadcrumb","itemListElement":[{"@type":"ListItem","position":1,"name":"Accueil","item":"https:\/\/laura-baranger.fr\/"},{"@type":"ListItem","position":2,"name":"Qui suis-je ?"}]},{"@type":"WebSite","@id":"https:\/\/laura-baranger.fr\/#website","url":"https:\/\/laura-baranger.fr\/","name":"Laura Baranger","description":"\u00c9ducatrice sp\u00e9cialis\u00e9e ind\u00e9pendante","publisher":{"@id":"https:\/\/laura-baranger.fr\/#organization"},"potentialAction":[{"@type":"SearchAction","target":{"@type":"EntryPoint","urlTemplate":"https:\/\/laura-baranger.fr\/?s={search_term_string}"},"query-input":"required name=search_term_string"}],"inLanguage":"en-US"},{"@type":"Organization","@id":"https:\/\/laura-baranger.fr\/#organization","name":"Laura Baranger","url":"https:\/\/laura-baranger.fr\/","logo":{"@type":"ImageObject","inLanguage":"en-US","@id":"https:\/\/laura-baranger.fr\/#\/schema\/logo\/image\/","url":"https:\/\/laura-baranger.fr\/wp-content\/uploads\/2024\/02\/cropped-cropped-cropped-cropped-Logo-Laura-baranger-educatrice-specialisee-independante.png","contentUrl":"https:\/\/laura-baranger.fr\/wp-content\/uploads\/2024\/02\/cropped-cropped-cropped-cropped-Logo-Laura-baranger-educatrice-specialisee-independante.png","width":512,"height":512,"caption":"Laura Baranger"},"image":{"@id":"https:\/\/laura-baranger.fr\/#\/schema\/logo\/image\/"},"sameAs":["https:\/\/www.facebook.com\/profile.php?id=61555171862823","https:\/\/www.linkedin.com\/in\/laura-baranger-ducspindpendante\/"]}]}},"_links":{"self":[{"href":"https:\/\/laura-baranger.fr\/index.php\/wp-json\/wp\/v2\/pages\/6","targetHints":{"allow":["GET"]}}],"collection":[{"href":"https:\/\/laura-baranger.fr\/index.php\/wp-json\/wp\/v2\/pages"}],"about":[{"href":"https:\/\/laura-baranger.fr\/index.php\/wp-json\/wp\/v2\/types\/page"}],"author":[{"embeddable":true,"href":"https:\/\/laura-baranger.fr\/index.php\/wp-json\/wp\/v2\/users\/1"}],"replies":[{"embeddable":true,"href":"https:\/\/laura-baranger.fr\/index.php\/wp-json\/wp\/v2\/comments?post=6"}],"version-history":[{"count":67,"href":"https:\/\/laura-baranger.fr\/index.php\/wp-json\/wp\/v2\/pages\/6\/revisions"}],"predecessor-version":[{"id":647,"href":"https:\/\/laura-baranger.fr\/index.php\/wp-json\/wp\/v2\/pages\/6\/revisions\/647"}],"wp:featuredmedia":[{"embeddable":true,"href":"https:\/\/laura-baranger.fr\/index.php\/wp-json\/wp\/v2\/media\/173"}],"wp:attachment":[{"href":"https:\/\/laura-baranger.fr\/index.php\/wp-json\/wp\/v2\/media?parent=6"}],"curies":[{"name":"wp","href":"https:\/\/api.w.org\/{rel}","templated":true}]}}