{"id":66,"date":"2024-01-02T15:40:51","date_gmt":"2024-01-02T14:40:51","guid":{"rendered":"https:\/\/laura-baranger.fr\/?page_id=66"},"modified":"2024-02-13T11:01:03","modified_gmt":"2024-02-13T10:01:03","slug":"accueil","status":"publish","type":"page","link":"https:\/\/laura-baranger.fr\/","title":{"rendered":"Accueil"},"content":{"rendered":"\n<h2 class=\"wp-block-heading\">Laura Baranger &#8211; \u00c9ducatrice sp\u00e9cialis\u00e9e ind\u00e9pendante<\/h2>\n\n\n\n<p>Je propose un accompagnement \u00e9ducatif global et individualis\u00e9 visant le d\u00e9veloppement de l\u2019autonomie et des potentialit\u00e9s de l\u2019enfant pr\u00e9sentant un trouble du spectre de l\u2019autisme (TSA) ou des difficult\u00e9s s\u2019en rapprochant.<\/p>\n","protected":false},"excerpt":{"rendered":"<p>Laura Baranger &#8211; \u00c9ducatrice sp\u00e9cialis\u00e9e ind\u00e9pendante Je propose un accompagnement \u00e9ducatif global et individualis\u00e9 visant le d\u00e9veloppement de l\u2019autonomie et des potentialit\u00e9s de l\u2019enfant pr\u00e9sentant un trouble du spectre de &hellip; <\/p>\n","protected":false},"author":1,"featured_media":48,"parent":0,"menu_order":0,"comment_status":"closed","ping_status":"closed","template":"","meta":{"footnotes":""},"class_list":["post-66","page","type-page","status-publish","has-post-thumbnail","hentry"],"yoast_head":"<!-- This site is optimized with the Yoast SEO plugin v22.0 - https:\/\/yoast.com\/wordpress\/plugins\/seo\/ -->\n<title>Accueil - Laura Baranger<\/title>\n<meta name=\"robots\" content=\"index, follow, max-snippet:-1, max-image-preview:large, max-video-preview:-1\" \/>\n<link rel=\"canonical\" href=\"https:\/\/laura-baranger.fr\/\" \/>\n<meta property=\"og:locale\" content=\"en_US\" \/>\n<meta property=\"og:type\" content=\"article\" \/>\n<meta property=\"og:title\" content=\"Accueil - Laura Baranger\" \/>\n<meta property=\"og:description\" content=\"Laura Baranger &#8211; \u00c9ducatrice sp\u00e9cialis\u00e9e ind\u00e9pendante Je propose un accompagnement \u00e9ducatif global et individualis\u00e9 visant le d\u00e9veloppement de l\u2019autonomie et des potentialit\u00e9s de l\u2019enfant pr\u00e9sentant un trouble du spectre de &hellip;\" \/>\n<meta property=\"og:url\" content=\"https:\/\/laura-baranger.fr\/\" \/>\n<meta property=\"og:site_name\" content=\"Laura Baranger\" \/>\n<meta property=\"article:publisher\" content=\"https:\/\/www.facebook.com\/profile.php?id=61555171862823\" \/>\n<meta property=\"article:modified_time\" content=\"2024-02-13T10:01:03+00:00\" \/>\n<meta property=\"og:image\" content=\"https:\/\/laura-baranger.fr\/wp-content\/uploads\/2023\/10\/cropped-2023-10-13-6-2.png\" \/>\n\t<meta property=\"og:image:width\" content=\"1920\" \/>\n\t<meta property=\"og:image:height\" content=\"700\" \/>\n\t<meta property=\"og:image:type\" content=\"image\/png\" \/>\n<meta name=\"twitter:card\" content=\"summary_large_image\" \/>\n<script type=\"application\/ld+json\" class=\"yoast-schema-graph\">{\"@context\":\"https:\/\/schema.org\",\"@graph\":[{\"@type\":\"WebPage\",\"@id\":\"https:\/\/laura-baranger.fr\/\",\"url\":\"https:\/\/laura-baranger.fr\/\",\"name\":\"Accueil - Laura Baranger\",\"isPartOf\":{\"@id\":\"https:\/\/laura-baranger.fr\/#website\"},\"datePublished\":\"2024-01-02T14:40:51+00:00\",\"dateModified\":\"2024-02-13T10:01:03+00:00\",\"breadcrumb\":{\"@id\":\"https:\/\/laura-baranger.fr\/#breadcrumb\"},\"inLanguage\":\"en-US\",\"potentialAction\":[{\"@type\":\"ReadAction\",\"target\":[\"https:\/\/laura-baranger.fr\/\"]}]},{\"@type\":\"BreadcrumbList\",\"@id\":\"https:\/\/laura-baranger.fr\/#breadcrumb\",\"itemListElement\":[{\"@type\":\"ListItem\",\"position\":1,\"name\":\"Accueil\",\"item\":\"https:\/\/laura-baranger.fr\/\"},{\"@type\":\"ListItem\",\"position\":2,\"name\":\"Accueil\"}]},{\"@type\":\"WebSite\",\"@id\":\"https:\/\/laura-baranger.fr\/#website\",\"url\":\"https:\/\/laura-baranger.fr\/\",\"name\":\"Laura Baranger\",\"description\":\"\u00c9ducatrice sp\u00e9cialis\u00e9e ind\u00e9pendante\",\"publisher\":{\"@id\":\"https:\/\/laura-baranger.fr\/#organization\"},\"potentialAction\":[{\"@type\":\"SearchAction\",\"target\":{\"@type\":\"EntryPoint\",\"urlTemplate\":\"https:\/\/laura-baranger.fr\/?s={search_term_string}\"},\"query-input\":\"required name=search_term_string\"}],\"inLanguage\":\"en-US\"},{\"@type\":\"Organization\",\"@id\":\"https:\/\/laura-baranger.fr\/#organization\",\"name\":\"Laura Baranger\",\"url\":\"https:\/\/laura-baranger.fr\/\",\"logo\":{\"@type\":\"ImageObject\",\"inLanguage\":\"en-US\",\"@id\":\"https:\/\/laura-baranger.fr\/#\/schema\/logo\/image\/\",\"url\":\"https:\/\/laura-baranger.fr\/wp-content\/uploads\/2024\/02\/cropped-cropped-cropped-cropped-Logo-Laura-baranger-educatrice-specialisee-independante.png\",\"contentUrl\":\"https:\/\/laura-baranger.fr\/wp-content\/uploads\/2024\/02\/cropped-cropped-cropped-cropped-Logo-Laura-baranger-educatrice-specialisee-independante.png\",\"width\":512,\"height\":512,\"caption\":\"Laura Baranger\"},\"image\":{\"@id\":\"https:\/\/laura-baranger.fr\/#\/schema\/logo\/image\/\"},\"sameAs\":[\"https:\/\/www.facebook.com\/profile.php?id=61555171862823\",\"https:\/\/www.linkedin.com\/in\/laura-baranger-ducspindpendante\/\"]}]}<\/script>\n<!-- \/ Yoast SEO plugin. -->","yoast_head_json":{"title":"Accueil - Laura Baranger","robots":{"index":"index","follow":"follow","max-snippet":"max-snippet:-1","max-image-preview":"max-image-preview:large","max-video-preview":"max-video-preview:-1"},"canonical":"https:\/\/laura-baranger.fr\/","og_locale":"en_US","og_type":"article","og_title":"Accueil - Laura Baranger","og_description":"Laura Baranger &#8211; \u00c9ducatrice sp\u00e9cialis\u00e9e ind\u00e9pendante Je propose un accompagnement \u00e9ducatif global et individualis\u00e9 visant le d\u00e9veloppement de l\u2019autonomie et des potentialit\u00e9s de l\u2019enfant pr\u00e9sentant un trouble du spectre de &hellip;","og_url":"https:\/\/laura-baranger.fr\/","og_site_name":"Laura Baranger","article_publisher":"https:\/\/www.facebook.com\/profile.php?id=61555171862823","article_modified_time":"2024-02-13T10:01:03+00:00","og_image":[{"width":1920,"height":700,"url":"https:\/\/laura-baranger.fr\/wp-content\/uploads\/2023\/10\/cropped-2023-10-13-6-2.png","type":"image\/png"}],"twitter_card":"summary_large_image","schema":{"@context":"https:\/\/schema.org","@graph":[{"@type":"WebPage","@id":"https:\/\/laura-baranger.fr\/","url":"https:\/\/laura-baranger.fr\/","name":"Accueil - Laura Baranger","isPartOf":{"@id":"https:\/\/laura-baranger.fr\/#website"},"datePublished":"2024-01-02T14:40:51+00:00","dateModified":"2024-02-13T10:01:03+00:00","breadcrumb":{"@id":"https:\/\/laura-baranger.fr\/#breadcrumb"},"inLanguage":"en-US","potentialAction":[{"@type":"ReadAction","target":["https:\/\/laura-baranger.fr\/"]}]},{"@type":"BreadcrumbList","@id":"https:\/\/laura-baranger.fr\/#breadcrumb","itemListElement":[{"@type":"ListItem","position":1,"name":"Accueil","item":"https:\/\/laura-baranger.fr\/"},{"@type":"ListItem","position":2,"name":"Accueil"}]},{"@type":"WebSite","@id":"https:\/\/laura-baranger.fr\/#website","url":"https:\/\/laura-baranger.fr\/","name":"Laura Baranger","description":"\u00c9ducatrice sp\u00e9cialis\u00e9e ind\u00e9pendante","publisher":{"@id":"https:\/\/laura-baranger.fr\/#organization"},"potentialAction":[{"@type":"SearchAction","target":{"@type":"EntryPoint","urlTemplate":"https:\/\/laura-baranger.fr\/?s={search_term_string}"},"query-input":"required name=search_term_string"}],"inLanguage":"en-US"},{"@type":"Organization","@id":"https:\/\/laura-baranger.fr\/#organization","name":"Laura Baranger","url":"https:\/\/laura-baranger.fr\/","logo":{"@type":"ImageObject","inLanguage":"en-US","@id":"https:\/\/laura-baranger.fr\/#\/schema\/logo\/image\/","url":"https:\/\/laura-baranger.fr\/wp-content\/uploads\/2024\/02\/cropped-cropped-cropped-cropped-Logo-Laura-baranger-educatrice-specialisee-independante.png","contentUrl":"https:\/\/laura-baranger.fr\/wp-content\/uploads\/2024\/02\/cropped-cropped-cropped-cropped-Logo-Laura-baranger-educatrice-specialisee-independante.png","width":512,"height":512,"caption":"Laura Baranger"},"image":{"@id":"https:\/\/laura-baranger.fr\/#\/schema\/logo\/image\/"},"sameAs":["https:\/\/www.facebook.com\/profile.php?id=61555171862823","https:\/\/www.linkedin.com\/in\/laura-baranger-ducspindpendante\/"]}]}},"_links":{"self":[{"href":"https:\/\/laura-baranger.fr\/index.php\/wp-json\/wp\/v2\/pages\/66","targetHints":{"allow":["GET"]}}],"collection":[{"href":"https:\/\/laura-baranger.fr\/index.php\/wp-json\/wp\/v2\/pages"}],"about":[{"href":"https:\/\/laura-baranger.fr\/index.php\/wp-json\/wp\/v2\/types\/page"}],"author":[{"embeddable":true,"href":"https:\/\/laura-baranger.fr\/index.php\/wp-json\/wp\/v2\/users\/1"}],"replies":[{"embeddable":true,"href":"https:\/\/laura-baranger.fr\/index.php\/wp-json\/wp\/v2\/comments?post=66"}],"version-history":[{"count":3,"href":"https:\/\/laura-baranger.fr\/index.php\/wp-json\/wp\/v2\/pages\/66\/revisions"}],"predecessor-version":[{"id":467,"href":"https:\/\/laura-baranger.fr\/index.php\/wp-json\/wp\/v2\/pages\/66\/revisions\/467"}],"wp:featuredmedia":[{"embeddable":true,"href":"https:\/\/laura-baranger.fr\/index.php\/wp-json\/wp\/v2\/media\/48"}],"wp:attachment":[{"href":"https:\/\/laura-baranger.fr\/index.php\/wp-json\/wp\/v2\/media?parent=66"}],"curies":[{"name":"wp","href":"https:\/\/api.w.org\/{rel}","templated":true}]}}